{"id":10,"date":"2015-07-19T08:26:13","date_gmt":"2015-07-19T08:26:13","guid":{"rendered":"http:\/\/www.cultureelcafedalfsen.nl\/?page_id=10"},"modified":"2026-01-24T20:30:23","modified_gmt":"2026-01-24T20:30:23","slug":"home","status":"publish","type":"page","link":"https:\/\/www.cultureelcafedalfsen.nl\/","title":{"rendered":"Welkom"},"content":{"rendered":"<p><img loading=\"lazy\" decoding=\"async\" class=\"aligncenter size-full wp-image-5359\" src=\"https:\/\/www.cultureelcafedalfsen.nl\/wp-content\/uploads\/2025\/11\/MG2026-Logo.jpg\" alt=\"\" width=\"234\" height=\"97\" \/><\/p>\n<p style=\"font-size: 32px; text-align: center;\"><span style=\"color: #d7222b;\"><strong><em>Ook dit jaar slaan Meesters &amp; Gezellen op hun tournee Dalfsen niet over<\/em><\/strong><\/span><\/p>\n<p><img loading=\"lazy\" decoding=\"async\" class=\"aligncenter size-full wp-image-5361\" src=\"https:\/\/www.cultureelcafedalfsen.nl\/wp-content\/uploads\/2025\/11\/MG2026-titel.jpg\" alt=\"\" width=\"711\" height=\"331\" srcset=\"https:\/\/www.cultureelcafedalfsen.nl\/wp-content\/uploads\/2025\/11\/MG2026-titel.jpg 711w, https:\/\/www.cultureelcafedalfsen.nl\/wp-content\/uploads\/2025\/11\/MG2026-titel-300x140.jpg 300w\" sizes=\"auto, (max-width: 711px) 100vw, 711px\" \/><\/p>\n<div style=\"padding: 12px; background-color: #ffffff;\">\n<h5>Vrijdagavond 27 februari 2026, om 20:15<br \/>\nGrote Kerk van Dalfsen, Kerkplein 31<br \/>\n<em>Magyar et\u00fcd\u00f6k<\/em> o.l.v. Zolt\u00e1n Pad<\/h5>\n<h6>Twintig jonge zangers, de Gezellen, samen met vier Hongaarse kamerkoorzangers, de Meesters<\/h6>\n<p>In editie 2026 wordt onder leiding van Zolt\u00e1n Pad, dirigent van het Hongaars Radiokoor,\u00a0 de rijkdom van de Hongaarse koormuziek verkend, met werken van grootmeesters zoals B\u00e9la Bart\u00f3k, Zolt\u00e1n Kod\u00e1ly, Gy\u00f6rgy Ligeti, en L\u00e1szl\u00f3 Lajtha.<br \/>\nMet als titel \u201c<em>Magyar Et\u00fcd\u00f6k<\/em>\u201d (Hongaarse Etudes), naar het gelijknamige werk van Ligeti, neemt het programma de muzikale erfenis onder de loep, die Hongarije tot een bakermat van koormuziek en muziekonderwijs heeft gemaakt.<\/p>\n<p>Het jaarlijks succesvol in de Grote Kerk terugkerende \u201cMeesters&amp;Gezellen\u201d wordt opgezet door Stichting Tettix, de stichting heeft tot doel om jonge zangers, als aanvulling op hun opleiding tot solist, de gelegenheid te bieden op maximaal niveau hun talenten op het gebied van ensemblewerk te ontwikkelen.<br \/>\nMeer informatie over de Stichting Tettix en editie 2026 van Meesters&amp;Gezellen vindt u <a href=\"https:\/\/www.tettix.nl\/\" target=\"_blank\" rel=\"noopener\"><strong>hier<\/strong><\/a><\/p>\n<\/div>\n<div style=\"padding: 12px; background-color: #ffffff;\">\n<p><strong>Toegangskaarten<\/strong> (\u20ac 26,- studenten \u20ac 10,-):<\/p>\n<ul>\n<li><a href=\"https:\/\/trefkoeleplus.stager.co\/shop\/cultureelcafedalfsen\" target=\"_blank\" rel=\"noopener noreferrer\"><strong><span style=\"text-decoration: underline;\">Koop e-tickets door hier te klikken<\/span><\/strong><\/a><\/li>\n<li>Aan de balie van het Pluscaf\u00e9 in de Trefkoele+<\/li>\n<\/ul>\n<p><strong>Geen kaartverkoop in de kerk<\/strong><\/p>\n<\/div>\n<p><img loading=\"lazy\" decoding=\"async\" class=\"aligncenter size-full wp-image-5402\" src=\"https:\/\/www.cultureelcafedalfsen.nl\/wp-content\/uploads\/2025\/12\/MG2026-Prog.jpg\" alt=\"\" width=\"637\" height=\"172\" srcset=\"https:\/\/www.cultureelcafedalfsen.nl\/wp-content\/uploads\/2025\/12\/MG2026-Prog.jpg 637w, https:\/\/www.cultureelcafedalfsen.nl\/wp-content\/uploads\/2025\/12\/MG2026-Prog-300x81.jpg 300w\" sizes=\"auto, (max-width: 637px) 100vw, 637px\" \/><\/p>\n","protected":false},"excerpt":{"rendered":"<p>Ook dit jaar slaan Meesters &amp; Gezellen op hun tournee Dalfsen niet over Vrijdagavond 27 februari 2026, om 20:15 Grote Kerk van Dalfsen, Kerkplein 31 Magyar et\u00fcd\u00f6k o.l.v. Zolt\u00e1n Pad Twintig jonge zangers, de Gezellen, samen met vier Hongaarse kamerkoorzangers, de Meesters In editie 2026 wordt onder leiding van Zolt\u00e1n Pad, dirigent van het Hongaars &hellip; <a href=\"https:\/\/www.cultureelcafedalfsen.nl\/\" class=\"more-link\">Lees verder <span class=\"screen-reader-text\">Welkom<\/span> <span class=\"meta-nav\">&rarr;<\/span><\/a><\/p>\n","protected":false},"author":1,"featured_media":0,"parent":0,"menu_order":0,"comment_status":"closed","ping_status":"closed","template":"page-welkom.php","meta":{"_monsterinsights_skip_tracking":false,"_monsterinsights_sitenote_active":false,"_monsterinsights_sitenote_note":"","_monsterinsights_sitenote_category":0,"footnotes":"","_wp_rev_ctl_limit":"8"},"class_list":["post-10","page","type-page","status-publish","hentry"],"_links":{"self":[{"href":"https:\/\/www.cultureelcafedalfsen.nl\/index.php\/wp-json\/wp\/v2\/pages\/10","targetHints":{"allow":["GET"]}}],"collection":[{"href":"https:\/\/www.cultureelcafedalfsen.nl\/index.php\/wp-json\/wp\/v2\/pages"}],"about":[{"href":"https:\/\/www.cultureelcafedalfsen.nl\/index.php\/wp-json\/wp\/v2\/types\/page"}],"author":[{"embeddable":true,"href":"https:\/\/www.cultureelcafedalfsen.nl\/index.php\/wp-json\/wp\/v2\/users\/1"}],"replies":[{"embeddable":true,"href":"https:\/\/www.cultureelcafedalfsen.nl\/index.php\/wp-json\/wp\/v2\/comments?post=10"}],"version-history":[{"count":8,"href":"https:\/\/www.cultureelcafedalfsen.nl\/index.php\/wp-json\/wp\/v2\/pages\/10\/revisions"}],"predecessor-version":[{"id":5420,"href":"https:\/\/www.cultureelcafedalfsen.nl\/index.php\/wp-json\/wp\/v2\/pages\/10\/revisions\/5420"}],"wp:attachment":[{"href":"https:\/\/www.cultureelcafedalfsen.nl\/index.php\/wp-json\/wp\/v2\/media?parent=10"}],"curies":[{"name":"wp","href":"https:\/\/api.w.org\/{rel}","templated":true}]}}