{"id":3045,"date":"2019-11-03T19:52:48","date_gmt":"2019-11-03T19:52:48","guid":{"rendered":"https:\/\/www.cultureelcafedalfsen.nl\/?page_id=3045"},"modified":"2019-11-04T09:08:51","modified_gmt":"2019-11-04T09:08:51","slug":"pag_lit_nr3","status":"publish","type":"page","link":"https:\/\/www.cultureelcafedalfsen.nl\/index.php\/pag_lit_nr3\/","title":{"rendered":"Konstantin Paustovski"},"content":{"rendered":"<p>&nbsp;<\/p>\n<div style=\"padding: 12px; font-size: 18px; background-color: #ffffff;\"><a class=\"mb-button mb-style-raised mb-size-default mb-corners-default mb-text-style-default \" style=\"background-color: #3b5998; float: right;\" href=\"https:\/\/www.cultureelcafedalfsen.nl\/index.php\/kaartjes-literatuurochtend-nr-3\/\" target=\"_blank\" rel=\"noopener noreferrer\"> e-tickets<\/a><strong>Dinsdagochtend 14 januari 2020, 10:00 uur.<\/strong><br \/>\n<strong>De Westermolen, Dalfsen<br \/>\n<\/strong><strong><em>&#8216;Konstantin Paustovski&#8217;<br \/>\n<\/em>Simon Peerdeman<\/strong> leidt de ochtend<\/div>\n<div class=\"hr-actkop\"><\/div>\n<div style=\"padding: 12px; background-color: #ffffff;\">\n<p><a href=\"https:\/\/www.cultureelcafedalfsen.nl\/wp-content\/uploads\/2019\/11\/Baai-van-Kara-Bogaz.jpg\"><img loading=\"lazy\" decoding=\"async\" class=\"alignright size-medium wp-image-3053\" src=\"https:\/\/www.cultureelcafedalfsen.nl\/wp-content\/uploads\/2019\/11\/Baai-van-Kara-Bogaz-182x300.jpg\" alt=\"\" width=\"137\" height=\"225\" srcset=\"https:\/\/www.cultureelcafedalfsen.nl\/wp-content\/uploads\/2019\/11\/Baai-van-Kara-Bogaz-182x300.jpg 182w, https:\/\/www.cultureelcafedalfsen.nl\/wp-content\/uploads\/2019\/11\/Baai-van-Kara-Bogaz.jpg 510w\" sizes=\"auto, (max-width: 137px) 100vw, 137px\" \/><\/a><strong>Simon Peerdeman<\/strong> wil ingaan op het leven en werk van <strong><em>Konstantin Paustovski<\/em><\/strong> (1892-1968).Een belangrijk kernpunt deze ochtend zal zijn de roman \u2018De baai van Kara Bogaz\u2019 die Paustovski geschreven heeft over de zoutwinning in de Kaspische Zee. Kunnen we uit het werk van Paustovski bijvoorbeeld opmaken hoe hij stond tegenover de Sovjetmachthebbers in de jaren \u201930? Hij is vrijwel in hetzelfde jaar geboren als Osip Mandelstam, maar hoe verschillend zijn hun levens verlopen. Paustovski een geliefd schrijver, Mandelstam strijdend ten onder.<\/p>\n<p><a href=\"https:\/\/www.cultureelcafedalfsen.nl\/wp-content\/uploads\/2019\/11\/paustovski-0k.jpg\"><img loading=\"lazy\" decoding=\"async\" class=\"alignleft size-full wp-image-3057\" src=\"https:\/\/www.cultureelcafedalfsen.nl\/wp-content\/uploads\/2019\/11\/paustovski-0k.jpg\" alt=\"\" width=\"92\" height=\"150\" \/><\/a>Paustovski is in Nederland vooral bekend door <em><strong>Verhaal van een Leven<\/strong><\/em>, een \u201cepische autobiografie\u201d in zes delen. In het vijfde deel, Sprong naar het Zuiden, verhaalt Paustovski over zijn reis naar Abchazi\u00eb, Georgi\u00eb en Armeni\u00eb. De schrijver gaat daar duidelijk vrijmoedig om met de geschiedkundige feiten!<br \/>\n<a href=\"https:\/\/www.cultureelcafedalfsen.nl\/wp-content\/uploads\/2019\/11\/paustovski-1k.jpg\"><img loading=\"lazy\" decoding=\"async\" class=\"alignright size-full wp-image-3061\" src=\"https:\/\/www.cultureelcafedalfsen.nl\/wp-content\/uploads\/2019\/11\/paustovski-1k.jpg\" alt=\"\" width=\"143\" height=\"150\" \/><\/a>Heeft die houding hem soms geholpen in zijn overleving van het Stalin regime?<\/p>\n<p>We proberen een antwoord te vinden op die prangende vraag aan de hand van beschrijvingen uit het zesde deel van &#8216;Verhaal van een Leven&#8217;, <em><strong>Boek der Omzwervingen<\/strong><\/em>, en zijn roman <em><strong>De Baai van Kara-Bogaz<\/strong><\/em>.<\/p>\n<\/div>\n<p>&nbsp;<\/p>\n<div style=\"padding: 12px; background-color: #ffffff;\">\n<p><strong>Verkoop toegangskaarten<\/strong> (\u20ac 7,50):<\/p>\n<ul>\n<li><a href=\"https:\/\/www.cultureelcafedalfsen.nl\/index.php\/kaartjes-literatuurochtend-nr-3\/\" target=\"_blank\" rel=\"noopener noreferrer\"><strong><span style=\"text-decoration: underline;\">Koop e-tickets door hier te klikken<\/span><\/strong><\/a><\/li>\n<li>Bij The Read Shop Schuurman, Bloemendalstraat 10, Dalfsen<\/li>\n<li>Bij Primera, Prinsenstraat 5C, Dalfsen<\/li>\n<\/ul>\n<p>De verkoop eindigt anderhalf uur voor de aanvang van de activiteit.<\/p>\n<\/div>\n<p>&nbsp;<\/p>\n<div style=\"padding: 12px; background-color: #fbfaf3;\">\n<p>Alle gegevens bij elkaar:<\/p>\n<table style=\"width: 100%;\">\n<tbody>\n<tr>\n<td style=\"width: 21.5517%;\">Wat<\/td>\n<td style=\"width: 78.2759%;\">Literatuurochtend nr.3<br \/>\nKonstantin Paustovski<\/td>\n<\/tr>\n<tr>\n<td style=\"width: 21.5517%;\">Wanneer<\/td>\n<td style=\"width: 78.2759%;\">Dinsdag 14 januari, 10:00 uur<br \/>\nZaal open: 9:30 uur<\/td>\n<\/tr>\n<tr>\n<td style=\"width: 21.5517%;\">Waar<\/td>\n<td style=\"width: 78.2759%;\">De Westermolen, Molenstraat 16, Dalfsen<\/td>\n<\/tr>\n<tr>\n<td style=\"width: 21.5517%;\">Entree<\/td>\n<td style=\"width: 78.2759%;\">\u20ac 7,50<\/td>\n<\/tr>\n<tr>\n<td style=\"width: 21.5517%;\">Toegangskaarten<\/td>\n<td style=\"width: 78.2759%;\">\n<ul>\n<li><span style=\"text-decoration: underline;\"><strong><a href=\"https:\/\/www.cultureelcafedalfsen.nl\/index.php\/kaartjes-literatuurochtend-nr-3\/\" target=\"_blank\" rel=\"noopener noreferrer\">Koop e-tickets door hier te klikken<\/a><br \/>\n<\/strong><\/span><\/li>\n<li>Bij The Read Shop Schuurman, Bloemendalstraat 10, Dalfsen<\/li>\n<li>Bij Primera, Prinsenstraat 5C, Dalfsen<\/li>\n<\/ul>\n<\/td>\n<\/tr>\n<\/tbody>\n<\/table>\n<\/div>\n<p>&nbsp;<\/p>\n<div style=\"padding: 12px; background-color: #ffffff;\">Als u hieronder, in het kader met adresgegevens, op &#8216;Grotere kaart weergeven&#8217; klikt, opent zich een nieuw venster waarop de wegen duidelijker zijn aangegeven.<\/div>\n<div style=\"padding: 12px; background-color: #ffffff;\"><iframe loading=\"lazy\" style=\"border: 0;\" src=\"https:\/\/www.google.com\/maps\/embed?pb=!1m18!1m12!1m3!1d2428.657901802169!2d6.255140416061423!3d52.50343187981106!2m3!1f0!2f0!3f0!3m2!1i1024!2i768!4f13.1!3m3!1m2!1s0x47c7e1a57009fe79%3A0xc86ecabf3337c067!2sWestermolen!5e0!3m2!1snl!2snl!4v1565075752671!5m2!1snl!2snl\" width=\"600\" height=\"450\" frameborder=\"0\" allowfullscreen=\"allowfullscreen\"><\/iframe><\/div>\n","protected":false},"excerpt":{"rendered":"<p>&nbsp; e-ticketsDinsdagochtend 14 januari 2020, 10:00 uur. De Westermolen, Dalfsen &#8216;Konstantin Paustovski&#8217; Simon Peerdeman leidt de ochtend Simon Peerdeman wil ingaan op het leven en werk van Konstantin Paustovski (1892-1968).Een belangrijk kernpunt deze ochtend zal zijn de roman \u2018De baai van Kara Bogaz\u2019 die Paustovski geschreven heeft over de zoutwinning in de Kaspische Zee. Kunnen &hellip; <a href=\"https:\/\/www.cultureelcafedalfsen.nl\/index.php\/pag_lit_nr3\/\" class=\"more-link\">Lees verder <span class=\"screen-reader-text\">Konstantin Paustovski<\/span> <span class=\"meta-nav\">&rarr;<\/span><\/a><\/p>\n","protected":false},"author":1,"featured_media":0,"parent":0,"menu_order":0,"comment_status":"closed","ping_status":"closed","template":"page-basis.php","meta":{"_monsterinsights_skip_tracking":false,"_monsterinsights_sitenote_active":false,"_monsterinsights_sitenote_note":"","_monsterinsights_sitenote_category":0,"footnotes":"","_wp_rev_ctl_limit":""},"class_list":["post-3045","page","type-page","status-publish","hentry"],"_links":{"self":[{"href":"https:\/\/www.cultureelcafedalfsen.nl\/index.php\/wp-json\/wp\/v2\/pages\/3045","targetHints":{"allow":["GET"]}}],"collection":[{"href":"https:\/\/www.cultureelcafedalfsen.nl\/index.php\/wp-json\/wp\/v2\/pages"}],"about":[{"href":"https:\/\/www.cultureelcafedalfsen.nl\/index.php\/wp-json\/wp\/v2\/types\/page"}],"author":[{"embeddable":true,"href":"https:\/\/www.cultureelcafedalfsen.nl\/index.php\/wp-json\/wp\/v2\/users\/1"}],"replies":[{"embeddable":true,"href":"https:\/\/www.cultureelcafedalfsen.nl\/index.php\/wp-json\/wp\/v2\/comments?post=3045"}],"version-history":[{"count":4,"href":"https:\/\/www.cultureelcafedalfsen.nl\/index.php\/wp-json\/wp\/v2\/pages\/3045\/revisions"}],"predecessor-version":[{"id":3064,"href":"https:\/\/www.cultureelcafedalfsen.nl\/index.php\/wp-json\/wp\/v2\/pages\/3045\/revisions\/3064"}],"wp:attachment":[{"href":"https:\/\/www.cultureelcafedalfsen.nl\/index.php\/wp-json\/wp\/v2\/media?parent=3045"}],"curies":[{"name":"wp","href":"https:\/\/api.w.org\/{rel}","templated":true}]}}